{"id":107,"date":"2022-02-22T02:05:11","date_gmt":"2022-02-21T23:05:11","guid":{"rendered":"https:\/\/bilark88952545.wordpress.com\/?page_id=107"},"modified":"2025-06-12T22:32:49","modified_gmt":"2025-06-12T19:32:49","slug":"activities","status":"publish","type":"page","link":"https:\/\/www.bilark.org\/?page_id=107","title":{"rendered":"Act\u0131v\u0131t\u0131es"},"content":{"rendered":"\n<p class=\"has-text-align-right\"><a href=\"https:\/\/www.bilark.org\/?page_id=223&amp;lang=tr\" data-type=\"URL\" data-id=\"https:\/\/www.bilark.org\/?page_id=223&amp;lang=tr\">T\u00fcrk\u00e7e<\/a><\/p>\n\n\n\n<figure class=\"wp-block-image size-large\"><img loading=\"lazy\" width=\"1024\" height=\"721\" src=\"https:\/\/www.bilark.org\/wp-content\/uploads\/2025\/06\/30-10-2024-1024x721.png\" alt=\"\" class=\"wp-image-341\" srcset=\"https:\/\/www.bilark.org\/wp-content\/uploads\/2025\/06\/30-10-2024-1024x721.png 1024w, https:\/\/www.bilark.org\/wp-content\/uploads\/2025\/06\/30-10-2024-300x211.png 300w, https:\/\/www.bilark.org\/wp-content\/uploads\/2025\/06\/30-10-2024-768x541.png 768w, https:\/\/www.bilark.org\/wp-content\/uploads\/2025\/06\/30-10-2024.png 1503w\" sizes=\"(max-width: 1024px) 100vw, 1024px\" \/><\/figure>\n\n\n\n<div class=\"wp-block-media-text alignwide is-stacked-on-mobile\"><figure class=\"wp-block-media-text__media\"><img loading=\"lazy\" width=\"612\" height=\"875\" src=\"http:\/\/www.bilark.org\/wp-content\/uploads\/2022\/02\/calistay.png?w=612\" alt=\"\" class=\"wp-image-125 size-full\" srcset=\"https:\/\/www.bilark.org\/wp-content\/uploads\/2022\/02\/calistay.png 612w, https:\/\/www.bilark.org\/wp-content\/uploads\/2022\/02\/calistay-210x300.png 210w\" sizes=\"(max-width: 612px) 100vw, 612px\" \/><\/figure><div class=\"wp-block-media-text__content\">\n<h2>Workshop<\/h2>\n\n\n\n<p><strong>(May 13, 2014)<\/strong><\/p>\n\n\n\n<p class=\"has-normal-font-size\">The aim of the workshop is to discuss and produce new ideas on the issues of research conditions in cultural and communication studies, challenges, alternative ways and the possibilities for cooperation between stakeholders. This workshop, which will be open to the public, is organized to serve as an arena for knowledge sharing and intellectual exchange. Therefore we encourage the participants to engage in and contribute to the discussions. The sessions will begin with short presentations, which will be followed by discussions.<\/p>\n<\/div><\/div>\n\n\n\n<figure class=\"wp-block-image size-large\"><img loading=\"lazy\" width=\"1024\" height=\"724\" src=\"https:\/\/www.bilark.org\/wp-content\/uploads\/2025\/06\/13-05-2014-program-1024x724.png\" alt=\"\" class=\"wp-image-342\" srcset=\"https:\/\/www.bilark.org\/wp-content\/uploads\/2025\/06\/13-05-2014-program-1024x724.png 1024w, https:\/\/www.bilark.org\/wp-content\/uploads\/2025\/06\/13-05-2014-program-300x212.png 300w, https:\/\/www.bilark.org\/wp-content\/uploads\/2025\/06\/13-05-2014-program-768x543.png 768w, https:\/\/www.bilark.org\/wp-content\/uploads\/2025\/06\/13-05-2014-program.png 1504w\" sizes=\"(max-width: 1024px) 100vw, 1024px\" \/><\/figure>\n","protected":false},"excerpt":{"rendered":"<div class=\"mh-excerpt\"><p>T\u00fcrk\u00e7e Workshop (May 13, 2014) The aim of the workshop is to discuss and produce new ideas on the issues of research conditions in cultural <a class=\"mh-excerpt-more\" href=\"https:\/\/www.bilark.org\/?page_id=107\" title=\"Act\u0131v\u0131t\u0131es\">[&#8230;]<\/a><\/p>\n<\/div>","protected":false},"author":1,"featured_media":0,"parent":0,"menu_order":0,"comment_status":"closed","ping_status":"closed","template":"","meta":[],"_links":{"self":[{"href":"https:\/\/www.bilark.org\/index.php?rest_route=\/wp\/v2\/pages\/107"}],"collection":[{"href":"https:\/\/www.bilark.org\/index.php?rest_route=\/wp\/v2\/pages"}],"about":[{"href":"https:\/\/www.bilark.org\/index.php?rest_route=\/wp\/v2\/types\/page"}],"author":[{"embeddable":true,"href":"https:\/\/www.bilark.org\/index.php?rest_route=\/wp\/v2\/users\/1"}],"replies":[{"embeddable":true,"href":"https:\/\/www.bilark.org\/index.php?rest_route=%2Fwp%2Fv2%2Fcomments&post=107"}],"version-history":[{"count":10,"href":"https:\/\/www.bilark.org\/index.php?rest_route=\/wp\/v2\/pages\/107\/revisions"}],"predecessor-version":[{"id":343,"href":"https:\/\/www.bilark.org\/index.php?rest_route=\/wp\/v2\/pages\/107\/revisions\/343"}],"wp:attachment":[{"href":"https:\/\/www.bilark.org\/index.php?rest_route=%2Fwp%2Fv2%2Fmedia&parent=107"}],"curies":[{"name":"wp","href":"https:\/\/api.w.org\/{rel}","templated":true}]}}